{"id":23,"date":"2022-04-06T00:48:58","date_gmt":"2022-04-06T00:48:58","guid":{"rendered":"https:\/\/auditoriamam.com\/?page_id=23"},"modified":"2022-05-07T17:45:47","modified_gmt":"2022-05-07T22:45:47","slug":"auditoria-de-los-estados-financieros","status":"publish","type":"page","link":"https:\/\/auditoriamam.com\/?page_id=23","title":{"rendered":"Auditor\u00eda de los Estados Financieros"},"content":{"rendered":"\t\t<div data-elementor-type=\"wp-page\" data-elementor-id=\"23\" class=\"elementor elementor-23\" data-elementor-post-type=\"page\">\n\t\t\t\t\t\t<section class=\"elementor-section elementor-top-section elementor-element elementor-element-81e6uuy elementor-section-height-min-height elementor-section-boxed elementor-section-height-default elementor-section-items-middle\" data-id=\"81e6uuy\" data-element_type=\"section\" data-settings=\"{&quot;background_background&quot;:&quot;video&quot;,&quot;background_video_link&quot;:&quot;https:\\\/\\\/player.vimeo.com\\\/video\\\/547374734?title=0&amp;portrait=0&amp;byline=0&amp;autoplay=1&quot;,&quot;background_play_on_mobile&quot;:&quot;yes&quot;,&quot;background_privacy_mode&quot;:&quot;yes&quot;}\">\n\t\t\t\t\t\t\t\t<div class=\"elementor-background-video-container\">\n\t\t\t\t\t\t\t\t\t\t\t\t\t<div class=\"elementor-background-video-embed\"><\/div>\n\t\t\t\t\t\t\t\t\t\t\t\t<\/div>\n\t\t\t\t\t\t\t\t\t<div class=\"elementor-background-overlay\"><\/div>\n\t\t\t\t\t\t\t<div class=\"elementor-container elementor-column-gap-no\">\n\t\t\t\t\t<div class=\"elementor-column elementor-col-100 elementor-top-column elementor-element elementor-element-05198c9\" data-id=\"05198c9\" data-element_type=\"column\">\n\t\t\t<div class=\"elementor-widget-wrap elementor-element-populated\">\n\t\t\t\t\t\t<div class=\"elementor-element elementor-element-8a21ac2 elementor-invisible elementor-widget elementor-widget-heading\" data-id=\"8a21ac2\" data-element_type=\"widget\" data-settings=\"{&quot;_animation&quot;:&quot;fadeIn&quot;,&quot;_animation_delay&quot;:500}\" data-widget_type=\"heading.default\">\n\t\t\t\t<div class=\"elementor-widget-container\">\n\t\t\t\t\t<h6 class=\"elementor-heading-title elementor-size-default\">Servicios profesionales - Auditoria &amp; consultoria<\/h6>\t\t\t\t<\/div>\n\t\t\t\t<\/div>\n\t\t\t\t<div class=\"elementor-element elementor-element-8ddf900 elementor-invisible elementor-widget elementor-widget-heading\" data-id=\"8ddf900\" data-element_type=\"widget\" data-settings=\"{&quot;_animation&quot;:&quot;fadeIn&quot;,&quot;_animation_delay&quot;:650}\" data-widget_type=\"heading.default\">\n\t\t\t\t<div class=\"elementor-widget-container\">\n\t\t\t\t\t<h1 class=\"elementor-heading-title elementor-size-default\">Auditoria de los Estados Financieros<\/h1>\t\t\t\t<\/div>\n\t\t\t\t<\/div>\n\t\t\t\t\t<\/div>\n\t\t<\/div>\n\t\t\t\t\t<\/div>\n\t\t<\/section>\n\t\t\t\t<section class=\"elementor-section elementor-top-section elementor-element elementor-element-2e5ffyn elementor-section-content-top elementor-section-boxed elementor-section-height-default elementor-section-height-default\" data-id=\"2e5ffyn\" data-element_type=\"section\" data-settings=\"{&quot;background_background&quot;:&quot;classic&quot;}\">\n\t\t\t\t\t\t<div class=\"elementor-container elementor-column-gap-no\">\n\t\t\t\t\t<div class=\"elementor-column elementor-col-66 elementor-top-column elementor-element elementor-element-a75f1f4\" data-id=\"a75f1f4\" data-element_type=\"column\">\n\t\t\t<div class=\"elementor-widget-wrap elementor-element-populated\">\n\t\t\t\t\t\t<div class=\"elementor-element elementor-element-6705471 elementor-widget elementor-widget-heading\" data-id=\"6705471\" data-element_type=\"widget\" data-widget_type=\"heading.default\">\n\t\t\t\t<div class=\"elementor-widget-container\">\n\t\t\t\t\t<h2 class=\"elementor-heading-title elementor-size-default\">Vital para mantener la credibilidad e integridad<\/h2>\t\t\t\t<\/div>\n\t\t\t\t<\/div>\n\t\t\t\t\t<\/div>\n\t\t<\/div>\n\t\t\t\t<div class=\"elementor-column elementor-col-33 elementor-top-column elementor-element elementor-element-4c5c20c\" data-id=\"4c5c20c\" data-element_type=\"column\">\n\t\t\t<div class=\"elementor-widget-wrap elementor-element-populated\">\n\t\t\t\t\t\t<div class=\"elementor-element elementor-element-f47ff3b elementor-widget elementor-widget-heading\" data-id=\"f47ff3b\" data-element_type=\"widget\" data-widget_type=\"heading.default\">\n\t\t\t\t<div class=\"elementor-widget-container\">\n\t\t\t\t\t<h5 class=\"elementor-heading-title elementor-size-default\">Auditoria, pieza clave<\/h5>\t\t\t\t<\/div>\n\t\t\t\t<\/div>\n\t\t\t\t<div class=\"elementor-element elementor-element-6ca40fa elementor-widget elementor-widget-text-editor\" data-id=\"6ca40fa\" data-element_type=\"widget\" data-widget_type=\"text-editor.default\">\n\t\t\t\t<div class=\"elementor-widget-container\">\n\t\t\t\t\t\t\t\t\t<p>Una auditor\u00eda independiente de estados financieros es pieza clave para la toma de decisiones en los mercados de capitales. Realizar una auditor\u00eda de calidad es vital para mantener la credibilidad e integridad en el proceso de los reportes e informaci\u00f3n financiera. El servicio de Auditor\u00eda de los Estados Financieros, se realiza de acuerdo con las Normas Internacionales de Auditor\u00eda (NIA) publicadas por el IFAC y de conformidad de las Normas Internacionales de Informaci\u00f3n Financiera (NIIF) vigentes publicadas por el IASB. (Ref. NIA 700, NIA 540, NIA 220).<\/p>\t\t\t\t\t\t\t\t<\/div>\n\t\t\t\t<\/div>\n\t\t\t\t\t<\/div>\n\t\t<\/div>\n\t\t\t\t\t<\/div>\n\t\t<\/section>\n\t\t\t\t<section class=\"elementor-section elementor-top-section elementor-element elementor-element-bdcqux6 elementor-section-boxed elementor-section-height-default elementor-section-height-default\" data-id=\"bdcqux6\" data-element_type=\"section\">\n\t\t\t\t\t\t<div class=\"elementor-container elementor-column-gap-default\">\n\t\t\t\t\t<div class=\"elementor-column elementor-col-33 elementor-top-column elementor-element elementor-element-bfb71d1\" data-id=\"bfb71d1\" data-element_type=\"column\" data-settings=\"{&quot;background_background&quot;:&quot;classic&quot;}\">\n\t\t\t<div class=\"elementor-widget-wrap elementor-element-populated\">\n\t\t\t\t\t\t<div class=\"elementor-element elementor-element-1a50fc1 elementor-view-stacked elementor-shape-square elementor-position-top elementor-mobile-position-top elementor-widget elementor-widget-icon-box\" data-id=\"1a50fc1\" data-element_type=\"widget\" data-widget_type=\"icon-box.default\">\n\t\t\t\t<div class=\"elementor-widget-container\">\n\t\t\t\t\t\t\t<div class=\"elementor-icon-box-wrapper\">\n\n\t\t\t\t\t\t<div class=\"elementor-icon-box-icon\">\n\t\t\t\t<span  class=\"elementor-icon\">\n\t\t\t\t<i aria-hidden=\"true\" class=\"far fa-check-square\"><\/i>\t\t\t\t<\/span>\n\t\t\t<\/div>\n\t\t\t\n\t\t\t\t\t\t<div class=\"elementor-icon-box-content\">\n\n\t\t\t\t\t\t\t\t\t<h3 class=\"elementor-icon-box-title\">\n\t\t\t\t\t\t<span  >\n\t\t\t\t\t\t\tNuestra auditor\u00eda est\u00e1 basada en el enfoque proactivo,\t\t\t\t\t\t<\/span>\n\t\t\t\t\t<\/h3>\n\t\t\t\t\n\t\t\t\t\t\t\t\t\t<p class=\"elementor-icon-box-description\">\n\t\t\t\t\t\tAnticip\u00e1ndonos y previniendo con \u00e9nfasis en los procesos del cliente para reducir el riesgo y con \u00e9nfasis en la significatividad, incluyendo partidas que pueden no estar registradas contablemente.\t\t\t\t\t<\/p>\n\t\t\t\t\n\t\t\t<\/div>\n\t\t\t\n\t\t<\/div>\n\t\t\t\t\t\t<\/div>\n\t\t\t\t<\/div>\n\t\t\t\t\t<\/div>\n\t\t<\/div>\n\t\t\t\t<div class=\"elementor-column elementor-col-33 elementor-top-column elementor-element elementor-element-baf5053\" data-id=\"baf5053\" data-element_type=\"column\" data-settings=\"{&quot;background_background&quot;:&quot;classic&quot;}\">\n\t\t\t<div class=\"elementor-widget-wrap elementor-element-populated\">\n\t\t\t\t\t\t<div class=\"elementor-element elementor-element-bbb5346 elementor-view-stacked elementor-shape-square elementor-position-top elementor-mobile-position-top elementor-widget elementor-widget-icon-box\" data-id=\"bbb5346\" data-element_type=\"widget\" data-widget_type=\"icon-box.default\">\n\t\t\t\t<div class=\"elementor-widget-container\">\n\t\t\t\t\t\t\t<div class=\"elementor-icon-box-wrapper\">\n\n\t\t\t\t\t\t<div class=\"elementor-icon-box-icon\">\n\t\t\t\t<span  class=\"elementor-icon\">\n\t\t\t\t<svg xmlns=\"http:\/\/www.w3.org\/2000\/svg\" xmlns:xlink=\"http:\/\/www.w3.org\/1999\/xlink\" id=\"Layer_2\" x=\"0px\" y=\"0px\" width=\"128px\" height=\"128px\" viewBox=\"0 0 128 128\" xml:space=\"preserve\"><g>\t<rect x=\"35.5\" y=\"54.5\" fill=\"none\" width=\"59\" height=\"49\"><\/rect>\t<path d=\"M98.5,93.5h-8c-1.105,0-2-0.896-2-2v-22c0-1.104,0.895-2,2-2h8c1.104,0,2,0.896,2,2v22C100.5,92.605,99.605,93.5,98.5,93.5  z M92.5,89.5h4v-18h-4V89.5z\"><\/path>\t<path d=\"M77.5,104.5c-1.105,0-2-0.896-2-2v-29h-21v29c0,1.104-0.896,2-2,2s-2-0.896-2-2v-31c0-1.104,0.896-2,2-2h25  c1.104,0,2,0.896,2,2v31C79.5,103.605,78.605,104.5,77.5,104.5z\"><\/path>\t<path d=\"M39.5,93.5h-8c-1.104,0-2-0.896-2-2v-22c0-1.104,0.896-2,2-2h8c1.104,0,2,0.896,2,2v22C41.5,92.605,40.605,93.5,39.5,93.5z   M33.5,89.5h4v-18h-4V89.5z\"><\/path>\t<path d=\"M109.5,118.5h-89c-1.657,0-3-1.343-3-3v-12c0-1.657,1.343-3,3-3h6c1.657,0,3,1.343,3,3s-1.343,3-3,3h-3v6h83v-6h-3  c-1.657,0-3-1.343-3-3s1.343-3,3-3h6c1.657,0,3,1.343,3,3v12C112.5,117.158,111.157,118.5,109.5,118.5z\"><\/path>\t<path d=\"M109.5,57.5h-89c-1.104,0-2-0.896-2-2v-10c0-1.104,0.896-2,2-2h89c1.104,0,2,0.896,2,2v10  C111.5,56.605,110.605,57.5,109.5,57.5z M22.5,53.5h85v-6h-85C22.5,47.5,22.5,53.5,22.5,53.5z\"><\/path>\t<path d=\"M101.5,71.5h-14c-0.987,0-1.826-0.721-1.977-1.696l-2-13c-0.089-0.576,0.079-1.163,0.459-1.606  c0.38-0.442,0.934-0.697,1.518-0.697h18c0.584,0,1.138,0.255,1.518,0.697c0.38,0.443,0.548,1.03,0.459,1.606l-2,13  C103.326,70.78,102.488,71.5,101.5,71.5z M89.216,67.5h10.568l1.385-9H87.831L89.216,67.5z\"><\/path>\t<path d=\"M42.5,71.5h-14c-0.987,0-1.827-0.721-1.977-1.696l-2-13c-0.089-0.576,0.079-1.163,0.458-1.606  c0.38-0.442,0.935-0.697,1.518-0.697h18c0.583,0,1.138,0.255,1.518,0.697c0.38,0.443,0.547,1.03,0.458,1.606l-2,13  C44.327,70.78,43.488,71.5,42.5,71.5z M30.216,67.5h10.568l1.385-9H28.831L30.216,67.5z\"><\/path>\t<path d=\"M103.5,106.5h-18c-0.584,0-1.138-0.255-1.518-0.697c-0.38-0.443-0.548-1.03-0.459-1.606l2-13  c0.15-0.976,0.989-1.696,1.977-1.696h14c0.987,0,1.826,0.721,1.977,1.696l2,13c0.089,0.576-0.079,1.163-0.459,1.606  S104.084,106.5,103.5,106.5z M87.831,102.5h13.338l-1.385-9H89.216L87.831,102.5z\"><\/path>\t<path d=\"M44.5,106.5h-18c-0.583,0-1.138-0.255-1.518-0.697c-0.38-0.443-0.547-1.03-0.458-1.606l2-13  c0.15-0.976,0.989-1.696,1.977-1.696h14c0.987,0,1.827,0.721,1.977,1.696l2,13c0.089,0.576-0.079,1.163-0.458,1.606  C45.638,106.246,45.084,106.5,44.5,106.5z M28.831,102.5h13.338l-1.385-9H30.216L28.831,102.5z\"><\/path>\t<path d=\"M113.498,48.5c-0.632,0-1.267-0.198-1.809-0.608L63.992,11.766L18.361,47.854c-1.3,1.027-3.186,0.807-4.214-0.492  c-1.028-1.3-0.808-3.186,0.492-4.215L62.092,5.62c1.072-0.849,2.582-0.863,3.672-0.038l49.547,37.527  c1.32,1.001,1.58,2.882,0.58,4.203C115.302,48.09,114.406,48.5,113.498,48.5z\"><\/path>\t<path d=\"M36.501,47.5c-0.591,0-1.175-0.26-1.57-0.76c-0.685-0.866-0.538-2.124,0.328-2.809l27.885-22.052  c0.715-0.566,1.721-0.576,2.448-0.026l11.111,8.415c0.88,0.667,1.054,1.922,0.387,2.802c-0.666,0.881-1.921,1.054-2.802,0.388  l-9.877-7.481l-26.67,21.091C37.373,47.36,36.935,47.5,36.501,47.5z\"><\/path>\t<polyline fill=\"none\" points=\"26.5,57.5 20.5,57.5 20.5,45.5 109.5,45.5 109.5,57.5 102.5,57.5  \"><\/polyline>\t<path d=\"M109.5,60.5h-7v-6h4v-6l-83,0v6l3,0v6h-6c-1.657,0-3-1.343-3-3v-12c0-1.657,1.343-3,3-3h89c1.657,0,3,1.343,3,3v12  C112.5,59.158,111.157,60.5,109.5,60.5z\"><\/path>\t<line fill=\"none\" x1=\"20.5\" y1=\"46.5\" x2=\"109.5\" y2=\"46.5\"><\/line>\t<path d=\"M109.5,48.5h-89c-1.104,0-2-0.896-2-2s0.896-2,2-2h89c1.104,0,2,0.896,2,2S110.605,48.5,109.5,48.5z\"><\/path>\t<rect x=\"25.5\" y=\"54.5\" width=\"79\" height=\"4\"><\/rect>\t<path d=\"M104.496,105.5c-1.439,0-2.711-1.039-2.955-2.507L99.959,93.5H99.5c-1.657,0-3-1.343-3-3v-20c0-1.657,1.343-3,3-3h0.334  l1.225-10.353c0.194-1.646,1.685-2.82,3.332-2.627c1.646,0.195,2.821,1.687,2.627,3.332l-1.538,13  c-0.179,1.51-1.46,2.648-2.98,2.648v14c1.467,0,2.719,1.06,2.96,2.506l2,12c0.272,1.635-0.831,3.18-2.466,3.452  C104.826,105.488,104.66,105.5,104.496,105.5z\"><\/path>\t<path d=\"M25.504,105.5c-0.164,0-0.33-0.013-0.497-0.041c-1.634-0.272-2.738-1.817-2.466-3.452l2-12  c0.241-1.446,1.493-2.507,2.959-2.507v-14c-1.521,0-2.801-1.138-2.979-2.647l-1.538-13c-0.195-1.646,0.981-3.137,2.626-3.332  c1.645-0.187,3.138,0.982,3.332,2.627l1.225,10.353H30.5c1.657,0,3,1.342,3,2.999v20c0,1.657-1.343,3.001-3,3.001h-0.458  l-1.583,9.493C28.215,104.461,26.944,105.5,25.504,105.5z\"><\/path>\t<path d=\"M56.5,64.5h-4c-0.552,0-1-0.447-1-1s0.448-1,1-1h4c0.552,0,1,0.447,1,1S57.052,64.5,56.5,64.5z\"><\/path>\t<path d=\"M66.5,66.5h-4c-0.552,0-1-0.447-1-1s0.448-1,1-1h4c0.552,0,1,0.447,1,1S67.052,66.5,66.5,66.5z\"><\/path>\t<path d=\"M76.5,63.5h-2c-0.552,0-1-0.447-1-1s0.448-1,1-1h2c0.552,0,1,0.447,1,1S77.052,63.5,76.5,63.5z\"><\/path>\t<path d=\"M85.5,74.5h-2c-0.553,0-1-0.447-1-1s0.447-1,1-1h2c0.553,0,1,0.447,1,1S86.053,74.5,85.5,74.5z\"><\/path>\t<path d=\"M47.5,82.5h-2c-0.552,0-1-0.447-1-1s0.448-1,1-1h2c0.552,0,1,0.447,1,1S48.052,82.5,47.5,82.5z\"><\/path>\t<line fill=\"none\" x1=\"24.5\" y1=\"104.5\" x2=\"102.5\" y2=\"104.5\"><\/line>\t<path d=\"M102.5,106.5h-78c-1.104,0-2-0.896-2-2s0.896-2,2-2h78c1.104,0,2,0.896,2,2S103.605,106.5,102.5,106.5z\"><\/path><\/g><\/svg>\t\t\t\t<\/span>\n\t\t\t<\/div>\n\t\t\t\n\t\t\t\t\t\t<div class=\"elementor-icon-box-content\">\n\n\t\t\t\t\t\t\t\t\t<h3 class=\"elementor-icon-box-title\">\n\t\t\t\t\t\t<span  >\n\t\t\t\t\t\t\tHabilitada para realizar auditor\u00eda de estados financieros en el Per\u00fa para ser presentados a la \u2013 SMV \t\t\t\t\t\t<\/span>\n\t\t\t\t\t<\/h3>\n\t\t\t\t\n\t\t\t\t\t\t\t\t\t<p class=\"elementor-icon-box-description\">\n\t\t\t\t\t\tNuestra Sociedad de Auditor\u00eda se encuentra inscrita en el Registro Sociedades de Auditor\u00eda del Colegio de Contadores P\u00fablicos de Arequipa con Matr\u00edcula Nro. 078, por ende habilitada para realizar auditor\u00eda de estados financieros en el Per\u00fa para ser presentados a la Superintendencia del Mercado de Valores \u2013 SMV (antes CONASEV), y a las entidades financieras, este Dictamen realizado certificar\u00e1 la situaci\u00f3n econ\u00f3mica-financiera actual de la empresa. Nuestro socio principal cuenta con m\u00e1s de 39 a\u00f1os de experiencia profesional, experto y especialista en las \u00e1reas tributarias, contables y financieras.\t\t\t\t\t<\/p>\n\t\t\t\t\n\t\t\t<\/div>\n\t\t\t\n\t\t<\/div>\n\t\t\t\t\t\t<\/div>\n\t\t\t\t<\/div>\n\t\t\t\t\t<\/div>\n\t\t<\/div>\n\t\t\t\t<div class=\"elementor-column elementor-col-33 elementor-top-column elementor-element elementor-element-7968db3\" data-id=\"7968db3\" data-element_type=\"column\" data-settings=\"{&quot;background_background&quot;:&quot;classic&quot;}\">\n\t\t\t<div class=\"elementor-widget-wrap elementor-element-populated\">\n\t\t\t\t\t\t<div class=\"elementor-element elementor-element-e206f14 elementor-view-stacked elementor-shape-square elementor-position-top elementor-mobile-position-top elementor-widget elementor-widget-icon-box\" data-id=\"e206f14\" data-element_type=\"widget\" data-widget_type=\"icon-box.default\">\n\t\t\t\t<div class=\"elementor-widget-container\">\n\t\t\t\t\t\t\t<div class=\"elementor-icon-box-wrapper\">\n\n\t\t\t\t\t\t<div class=\"elementor-icon-box-icon\">\n\t\t\t\t<span  class=\"elementor-icon\">\n\t\t\t\t<svg xmlns=\"http:\/\/www.w3.org\/2000\/svg\" xmlns:xlink=\"http:\/\/www.w3.org\/1999\/xlink\" id=\"Layer_2\" x=\"0px\" y=\"0px\" width=\"128px\" height=\"128px\" viewBox=\"0 0 128 128\" xml:space=\"preserve\"><g>\t<g>\t\t<g>\t\t\t<path fill=\"none\" d=\"M50.202,48.601l1.512,0.565c-0.438-0.726-1.226-1.217-2.134-1.217c-1.297,0-2.353,0.995-2.476,2.26    l0.872-1.028C48.523,48.537,49.413,48.307,50.202,48.601z\"><\/path>\t\t<\/g>\t<\/g>\t<g>\t\t<g>\t\t\t<path fill=\"none\" d=\"M71.29,55.769c-0.015,0-0.029-0.004-0.044-0.004c-0.406,0-0.783,0.106-1.122,0.278l0.64,0.239L71.29,55.769z    \"><\/path>\t\t<\/g>\t<\/g>\t<g>\t\t<g>\t\t\t<path fill=\"none\" d=\"M50.067,52.9c0.042-0.008,0.08-0.024,0.12-0.034l-0.069-0.026L50.067,52.9z\"><\/path>\t\t<\/g>\t<\/g>\t<g>\t\t<g>\t\t\t<path fill=\"none\" d=\"M70.552,60.473l-0.983-0.367c0.444,0.405,1.03,0.659,1.678,0.659c1.078,0,1.991-0.69,2.341-1.648    l-0.938,0.915C72.092,60.572,71.276,60.743,70.552,60.473z\"><\/path>\t\t<\/g>\t<\/g>\t<g>\t\t<g>\t\t\t<path d=\"M44.036,53.825l-8.807,10.381c-0.714,0.842-0.61,2.104,0.231,2.819c0.376,0.319,0.836,0.475,1.293,0.475    c0.567,0,1.131-0.24,1.526-0.706l8.783-10.353C45.8,55.909,44.745,54.984,44.036,53.825z\"><\/path>\t\t<\/g>\t<\/g>\t<g>\t\t<g>\t\t\t<path d=\"M92.357,39.079c-0.307-0.754-1.039-1.247-1.852-1.247h-6.253c-1.104,0-2,0.896-2,2s0.896,2,2,2h1.336L74.496,52.644    c1.177,0.684,2.12,1.723,2.681,2.973l14.725-14.353C92.483,40.697,92.664,39.833,92.357,39.079z\"><\/path>\t\t<\/g>\t<\/g>\t<g>\t\t<g>\t\t\t<path d=\"M65.965,54.49l-9.903-3.699c-0.074,1.41-0.593,2.704-1.428,3.737l10.114,3.778c0-0.014-0.002-0.027-0.002-0.04    C64.746,56.857,65.201,55.555,65.965,54.49z\"><\/path>\t\t<\/g>\t<\/g>\t<g>\t\t<g>\t\t\t<path d=\"M56.08,50.449c0-3.584-2.916-6.5-6.5-6.5s-6.5,2.916-6.5,6.5c0,1.237,0.354,2.391,0.956,3.376    c0.708,1.159,1.763,2.083,3.027,2.616c0.775,0.327,1.625,0.508,2.517,0.508c2.04,0,3.862-0.947,5.054-2.422    c0.835-1.033,1.354-2.326,1.428-3.737C56.069,50.677,56.08,50.564,56.08,50.449z M50.067,52.9    c-0.158,0.031-0.32,0.049-0.487,0.049c-1.379,0-2.5-1.122-2.5-2.5c0-0.082,0.017-0.16,0.024-0.24    c0.123-1.264,1.179-2.26,2.476-2.26c0.908,0,1.696,0.491,2.134,1.217c0.227,0.376,0.366,0.812,0.366,1.283    c0,1.168-0.808,2.143-1.892,2.417C50.147,52.876,50.109,52.892,50.067,52.9z\"><\/path>\t\t<\/g>\t<\/g>\t<g>\t\t<g>\t\t\t<path d=\"M74.496,52.644c-0.957-0.556-2.065-0.879-3.25-0.879c-2.176,0-4.1,1.078-5.281,2.725    c-0.764,1.066-1.219,2.367-1.219,3.775c0,0.014,0.002,0.027,0.002,0.04c0.022,3.565,2.928,6.46,6.498,6.46    c3.584,0,6.5-2.916,6.5-6.5c0-0.943-0.206-1.838-0.569-2.647C76.616,54.367,75.673,53.328,74.496,52.644z M71.246,60.765    c-0.648,0-1.233-0.254-1.678-0.659c-0.502-0.458-0.822-1.11-0.822-1.841c0-0.973,0.564-1.809,1.378-2.222    c0.339-0.172,0.717-0.278,1.122-0.278c0.015,0,0.029,0.004,0.044,0.004c1.358,0.024,2.456,1.132,2.456,2.496    c0,0.3-0.062,0.585-0.159,0.852C73.237,60.075,72.324,60.765,71.246,60.765z\"><\/path>\t\t<\/g>\t<\/g>\t<g>\t\t<g>\t\t\t<line fill=\"none\" x1=\"90.529\" y1=\"45.631\" x2=\"90.529\" y2=\"39.818\"><\/line>\t\t<\/g>\t<\/g>\t<g>\t\t<g>\t\t\t<path d=\"M90.529,47.631c-1.104,0-2-0.896-2-2v-5.813c0-1.104,0.896-2,2-2s2,0.896,2,2v5.813    C92.529,46.735,91.634,47.631,90.529,47.631z\"><\/path>\t\t<\/g>\t<\/g>\t<g>\t\t<path d=\"M76,123.5H53c-5.79,0-10.5-4.71-10.5-10.5s4.71-10.5,10.5-10.5c1.657,0,3,1.343,3,3s-1.343,3-3,3   c-2.481,0-4.5,2.019-4.5,4.5s2.019,4.5,4.5,4.5h23c2.481,0,4.5-2.019,4.5-4.5s-2.019-4.5-4.5-4.5c-1.657,0-3-1.343-3-3   s1.343-3,3-3c5.79,0,10.5,4.71,10.5,10.5S81.79,123.5,76,123.5z\"><\/path>\t<\/g>\t<g>\t\t<path d=\"M117.5,85.5c-1.657,0-3-1.343-3-3v-62c0-3.859-3.141-7-7-7h-86c-3.859,0-7,3.141-7,7v62c0,1.657-1.343,3-3,3s-3-1.343-3-3   v-62c0-7.169,5.832-13,13-13h86c7.168,0,13,5.832,13,13v62C120.5,84.158,119.157,85.5,117.5,85.5z\"><\/path>\t<\/g>\t<g>\t\t<path d=\"M72.519,114.5c-0.005-0.001-0.013-0.001-0.02,0h-16c-0.873,0-1.703-0.381-2.273-1.042   c-0.569-0.662-0.823-1.539-0.693-2.403l3-20c0.221-1.469,1.481-2.555,2.967-2.555h10c1.485,0,2.746,1.086,2.967,2.555   l2.948,19.656c0.068,0.252,0.104,0.517,0.104,0.789C75.519,113.158,74.177,114.5,72.519,114.5z M59.983,108.5h9.033l-2.101-14   h-4.832L59.983,108.5z\"><\/path>\t<\/g>\t<g>\t\t<path d=\"M107.5,93.5h-86c-6.617,0-12-5.383-12-12v-52c0-6.617,5.383-12,12-12h86c6.617,0,12,5.383,12,12v52   C119.5,88.118,114.117,93.5,107.5,93.5z M21.5,21.5c-4.411,0-8,3.589-8,8v52c0,4.411,3.589,8,8,8h86c4.411,0,8-3.589,8-8v-52   c0-4.411-3.589-8-8-8C107.5,21.5,21.5,21.5,21.5,21.5z\"><\/path>\t<\/g>\t<g>\t\t<circle cx=\"64\" cy=\"83\" r=\"2.5\"><\/circle>\t<\/g>\t<g>\t\t<path d=\"M106.5,77.5h-84c-1.104,0-2-0.896-2-2v-46c0-1.105,0.896-2,2-2h84c1.104,0,2,0.895,2,2v46   C108.5,76.605,107.604,77.5,106.5,77.5z M24.5,73.5h80v-42h-80C24.5,31.5,24.5,73.5,24.5,73.5z\"><\/path>\t<\/g>\t<g>\t\t<path d=\"M107.5,94.5h-86c-7.168,0-13-5.832-13-13v-62c0-1.657,1.343-3,3-3s3,1.343,3,3v62c0,3.859,3.141,7,7,7h86   c3.859,0,7-3.141,7-7v-62c0-1.657,1.343-3,3-3s3,1.343,3,3v62C120.5,88.668,114.668,94.5,107.5,94.5z\"><\/path>\t<\/g><\/g><\/svg>\t\t\t\t<\/span>\n\t\t\t<\/div>\n\t\t\t\n\t\t\t\t\t\t<div class=\"elementor-icon-box-content\">\n\n\t\t\t\t\t\t\t\t\t<h3 class=\"elementor-icon-box-title\">\n\t\t\t\t\t\t<span  >\n\t\t\t\t\t\t\tNuestro proceso de auditor\u00eda va m\u00e1s all\u00e1 de la evaluaci\u00f3n financiera\t\t\t\t\t\t<\/span>\n\t\t\t\t\t<\/h3>\n\t\t\t\t\n\t\t\t\t\t\t\t\t\t<p class=\"elementor-icon-box-description\">\n\t\t\t\t\t\tDetectando \u00e1reas de riesgos y su adecuada administraci\u00f3n, adapt\u00e1ndonos a las necesidades de cada cliente y a la normativa y mercado en los cuales opera. Ayudamos a las empresas a la aplicaci\u00f3n plena de las NIIF en el reconocimiento, medici\u00f3n, deterioro de los elementos de los estados financieros y a solucionar las implicancias tributarias.\t\t\t\t\t<\/p>\n\t\t\t\t\n\t\t\t<\/div>\n\t\t\t\n\t\t<\/div>\n\t\t\t\t\t\t<\/div>\n\t\t\t\t<\/div>\n\t\t\t\t\t<\/div>\n\t\t<\/div>\n\t\t\t\t\t<\/div>\n\t\t<\/section>\n\t\t\t\t<section class=\"elementor-section elementor-top-section elementor-element elementor-element-f610308 elementor-section-boxed elementor-section-height-default elementor-section-height-default\" data-id=\"f610308\" data-element_type=\"section\">\n\t\t\t\t\t\t<div class=\"elementor-container elementor-column-gap-default\">\n\t\t\t\t\t<div class=\"elementor-column elementor-col-100 elementor-top-column elementor-element elementor-element-a90814b\" data-id=\"a90814b\" data-element_type=\"column\">\n\t\t\t<div class=\"elementor-widget-wrap elementor-element-populated\">\n\t\t\t\t\t\t<div class=\"elementor-element elementor-element-047592d elementor-align-center elementor-mobile-align-center elementor-invisible elementor-widget elementor-widget-button\" data-id=\"047592d\" data-element_type=\"widget\" data-settings=\"{&quot;_animation&quot;:&quot;fadeInRight&quot;}\" data-widget_type=\"button.default\">\n\t\t\t\t<div class=\"elementor-widget-container\">\n\t\t\t\t\t\t\t\t\t<div class=\"elementor-button-wrapper\">\n\t\t\t\t\t<a class=\"elementor-button elementor-button-link elementor-size-sm elementor-animation-grow\" href=\"https:\/\/auditoriamam.com\/?page_id=19\">\n\t\t\t\t\t\t<span class=\"elementor-button-content-wrapper\">\n\t\t\t\t\t\t\t\t\t<span class=\"elementor-button-text\">Contactanos<\/span>\n\t\t\t\t\t<\/span>\n\t\t\t\t\t<\/a>\n\t\t\t\t<\/div>\n\t\t\t\t\t\t\t\t<\/div>\n\t\t\t\t<\/div>\n\t\t\t\t\t<\/div>\n\t\t<\/div>\n\t\t\t\t\t<\/div>\n\t\t<\/section>\n\t\t\t\t<\/div>\n\t\t","protected":false},"excerpt":{"rendered":"<p>Servicios profesionales &#8211; Auditoria &amp; consultoria Auditoria de los Estados Financieros Vital para mantener la credibilidad e integridad Auditoria, pieza clave Una auditor\u00eda independiente de estados financieros es pieza clave para la toma de decisiones en los mercados de capitales. Realizar una auditor\u00eda de calidad es vital para mantener la credibilidad e integridad en el [&hellip;]<\/p>\n","protected":false},"author":1,"featured_media":741,"parent":0,"menu_order":0,"comment_status":"closed","ping_status":"closed","template":"elementor_header_footer","meta":{"site-sidebar-layout":"no-sidebar","site-content-layout":"page-builder","ast-site-content-layout":"default","site-content-style":"default","site-sidebar-style":"default","ast-global-header-display":"","ast-banner-title-visibility":"","ast-main-header-display":"","ast-hfb-above-header-display":"","ast-hfb-below-header-display":"","ast-hfb-mobile-header-display":"","site-post-title":"disabled","ast-breadcrumbs-content":"","ast-featured-img":"disabled","footer-sml-layout":"","ast-disable-related-posts":"","theme-transparent-header-meta":"","adv-header-id-meta":"","stick-header-meta":"","header-above-stick-meta":"","header-main-stick-meta":"","header-below-stick-meta":"","astra-migrate-meta-layouts":"default","ast-page-background-enabled":"default","ast-page-background-meta":{"desktop":{"background-color":"var(--ast-global-color-4)","background-image":"","background-repeat":"repeat","background-position":"center center","background-size":"auto","background-attachment":"scroll","background-type":"","background-media":"","overlay-type":"","overlay-color":"","overlay-opacity":"","overlay-gradient":""},"tablet":{"background-color":"","background-image":"","background-repeat":"repeat","background-position":"center center","background-size":"auto","background-attachment":"scroll","background-type":"","background-media":"","overlay-type":"","overlay-color":"","overlay-opacity":"","overlay-gradient":""},"mobile":{"background-color":"","background-image":"","background-repeat":"repeat","background-position":"center center","background-size":"auto","background-attachment":"scroll","background-type":"","background-media":"","overlay-type":"","overlay-color":"","overlay-opacity":"","overlay-gradient":""}},"ast-content-background-meta":{"desktop":{"background-color":"var(--ast-global-color-5)","background-image":"","background-repeat":"repeat","background-position":"center center","background-size":"auto","background-attachment":"scroll","background-type":"","background-media":"","overlay-type":"","overlay-color":"","overlay-opacity":"","overlay-gradient":""},"tablet":{"background-color":"var(--ast-global-color-5)","background-image":"","background-repeat":"repeat","background-position":"center center","background-size":"auto","background-attachment":"scroll","background-type":"","background-media":"","overlay-type":"","overlay-color":"","overlay-opacity":"","overlay-gradient":""},"mobile":{"background-color":"var(--ast-global-color-5)","background-image":"","background-repeat":"repeat","background-position":"center center","background-size":"auto","background-attachment":"scroll","background-type":"","background-media":"","overlay-type":"","overlay-color":"","overlay-opacity":"","overlay-gradient":""}},"footnotes":""},"class_list":["post-23","page","type-page","status-publish","has-post-thumbnail","hentry"],"_links":{"self":[{"href":"https:\/\/auditoriamam.com\/index.php?rest_route=\/wp\/v2\/pages\/23","targetHints":{"allow":["GET"]}}],"collection":[{"href":"https:\/\/auditoriamam.com\/index.php?rest_route=\/wp\/v2\/pages"}],"about":[{"href":"https:\/\/auditoriamam.com\/index.php?rest_route=\/wp\/v2\/types\/page"}],"author":[{"embeddable":true,"href":"https:\/\/auditoriamam.com\/index.php?rest_route=\/wp\/v2\/users\/1"}],"replies":[{"embeddable":true,"href":"https:\/\/auditoriamam.com\/index.php?rest_route=%2Fwp%2Fv2%2Fcomments&post=23"}],"version-history":[{"count":0,"href":"https:\/\/auditoriamam.com\/index.php?rest_route=\/wp\/v2\/pages\/23\/revisions"}],"wp:featuredmedia":[{"embeddable":true,"href":"https:\/\/auditoriamam.com\/index.php?rest_route=\/wp\/v2\/media\/741"}],"wp:attachment":[{"href":"https:\/\/auditoriamam.com\/index.php?rest_route=%2Fwp%2Fv2%2Fmedia&parent=23"}],"curies":[{"name":"wp","href":"https:\/\/api.w.org\/{rel}","templated":true}]}}